{"id":1201,"date":"2025-09-16T09:51:24","date_gmt":"2025-09-16T09:51:24","guid":{"rendered":"https:\/\/enterprise.processingpartners.com\/webshop-plugins\/"},"modified":"2026-01-15T08:01:27","modified_gmt":"2026-01-15T08:01:27","slug":"webshop-plugins","status":"publish","type":"page","link":"https:\/\/enterprise.processingpartners.com\/de\/webshop-plugins\/","title":{"rendered":"Webshop-Plugins"},"content":{"rendered":"<div class=\"fusion-fullwidth fullwidth-box fusion-builder-row-1 fusion-flex-container has-pattern-background has-mask-background fusion-parallax-none nonhundred-percent-fullwidth non-hundred-percent-height-scrolling\" style=\"--link_hover_color: var(--awb-color5);--link_color: var(--awb-color5);--awb-background-blend-mode:multiply;--awb-border-color:var(--awb-color1);--awb-border-radius-top-left:0px;--awb-border-radius-top-right:0px;--awb-border-radius-bottom-right:0px;--awb-border-radius-bottom-left:0px;--awb-padding-top:15vh;--awb-padding-top-small:70px;--awb-padding-right-small:40px;--awb-padding-bottom-small:0px;--awb-padding-left-small:40px;--awb-margin-bottom-medium:0px;--awb-margin-bottom-small:60px;--awb-background-image:url(&quot;https:\/\/enterprise.processingpartners.com\/wp-content\/uploads\/2025\/09\/header_01-hell.jpg&quot;);--awb-background-size:cover;--awb-flex-wrap:wrap;\" ><div class=\"fusion-builder-row fusion-row fusion-flex-align-items-center fusion-flex-content-wrap\" style=\"max-width:1248px;margin-left: calc(-4% \/ 2 );margin-right: calc(-4% \/ 2 );\"><div class=\"fusion-layout-column fusion_builder_column fusion-builder-column-0 fusion_builder_column_1_1 1_1 fusion-flex-column\" style=\"--awb-padding-bottom-medium:0px;--awb-bg-size:cover;--awb-width-large:100%;--awb-margin-top-large:0px;--awb-spacing-right-large:1.92%;--awb-margin-bottom-large:32px;--awb-spacing-left-large:1.92%;--awb-width-medium:100%;--awb-order-medium:0;--awb-spacing-right-medium:1.92%;--awb-spacing-left-medium:1.92%;--awb-width-small:100%;--awb-order-small:0;--awb-spacing-right-small:1.92%;--awb-margin-bottom-small:44px;--awb-spacing-left-small:1.92%;\"><div class=\"fusion-column-wrapper fusion-column-has-shadow fusion-flex-justify-content-flex-start fusion-content-layout-column\"><div class=\"fusion-title title fusion-title-1 fusion-no-medium-visibility fusion-no-large-visibility fusion-sep-none fusion-title-center fusion-title-text fusion-title-size-one\" style=\"--awb-text-color:var(--awb-color1);--awb-margin-top:0px;--awb-margin-right:15%;--awb-margin-bottom:30px;--awb-margin-left:15%;--awb-font-size:45px;\"><h1 class=\"fusion-title-heading title-heading-center fusion-responsive-typography-calculated\" style=\"margin:0;text-transform:none;font-size:1em;--fontSize:45;line-height:1.33;\">Unsere Anwendungen decken vielf\u00e4ltige Unternehmensm\u00e4rkte ab<\/h1><\/div><div class=\"fusion-title title fusion-title-2 fusion-sep-none fusion-title-center fusion-title-text fusion-title-size-paragraph pp_tagline\" style=\"--awb-font-size:var(--awb-custom_typography_1-font-size);\"><p class=\"fusion-title-heading title-heading-center title-heading-tag\" style=\"font-family:var(--awb-custom_typography_1-font-family);font-weight:var(--awb-custom_typography_1-font-weight);font-style:var(--awb-custom_typography_1-font-style);margin:0;letter-spacing:var(--awb-custom_typography_1-letter-spacing);text-transform:var(--awb-custom_typography_1-text-transform);font-size:1em;line-height:var(--awb-custom_typography_1-line-height);\">Enterprise-Zahlungsl\u00f6sungen<\/p><\/div><div class=\"fusion-title title fusion-title-3 fusion-no-small-visibility fusion-sep-none fusion-title-center fusion-title-text fusion-title-size-one\" style=\"--awb-text-color:var(--awb-color6);--awb-margin-top:0px;--awb-margin-right:10%;--awb-margin-bottom:30px;--awb-margin-left:10%;--awb-font-size:var(--awb-custom_typography_2-font-size);\"><h1 class=\"fusion-title-heading title-heading-center fusion-responsive-typography-calculated\" style=\"font-family:var(--awb-custom_typography_2-font-family);font-weight:var(--awb-custom_typography_2-font-weight);font-style:var(--awb-custom_typography_2-font-style);margin:0;letter-spacing:var(--awb-custom_typography_2-letter-spacing);text-transform:var(--awb-custom_typography_2-text-transform);font-size:1em;--fontSize:60;line-height:var(--awb-custom_typography_2-line-height);\">Webshop-Plugins<\/h1><\/div><div class=\"fusion-text fusion-text-1\" style=\"--awb-content-alignment:center;--awb-font-size:20px;--awb-line-height:var(--awb-typography4-line-height);--awb-letter-spacing:var(--awb-typography4-letter-spacing);--awb-text-transform:var(--awb-typography4-text-transform);--awb-text-color:var(--awb-color8);--awb-max-width:650px;--awb-margin-right:auto;--awb-margin-left:auto;--awb-text-font-family:var(--awb-typography4-font-family);--awb-text-font-weight:var(--awb-typography4-font-weight);--awb-text-font-style:var(--awb-typography4-font-style);\"><p>Umfassende Zahlungsl\u00f6sungen f\u00fcr Unternehmen, die h\u00f6chste Anspr\u00fcche an Sicherheit, Compliance und Leistung stellen.<\/p>\n<\/div><\/div><\/div><div class=\"fusion-layout-column fusion_builder_column fusion-builder-column-1 fusion_builder_column_1_1 1_1 fusion-flex-column fusion-no-small-visibility\" style=\"--awb-padding-bottom-medium:0px;--awb-bg-size:cover;--awb-width-large:100%;--awb-margin-top-large:0px;--awb-spacing-right-large:1.92%;--awb-margin-bottom-large:7.5vw;--awb-spacing-left-large:1.92%;--awb-width-medium:100%;--awb-order-medium:0;--awb-spacing-right-medium:1.92%;--awb-spacing-left-medium:1.92%;--awb-width-small:100%;--awb-order-small:1;--awb-spacing-right-small:1.92%;--awb-spacing-left-small:1.92%;\"><div class=\"fusion-column-wrapper fusion-column-has-shadow fusion-flex-justify-content-center fusion-content-layout-row\"><div ><a class=\"fusion-button button-flat button-large button-default fusion-button-default button-1 fusion-button-default-span \" style=\"--button_bevel_color:var(--awb-color4);--button_bevel_color_hover:var(--awb-color4);--button_margin-right:15px;\" target=\"_self\" data-hover=\"icon_slide\" href=\"#\"><span class=\"fusion-button-text awb-button__text awb-button__text--default\">Zahlungsdemo vereinbaren<\/span><i class=\"fa-angle-right fas awb-button__icon awb-button__icon--default button-icon-right\" aria-hidden=\"true\"><\/i><\/a><\/div><div ><a class=\"fusion-button button-flat fusion-button-default-size button-custom fusion-button-default button-2 fusion-button-default-span fusion-has-button-gradient\" style=\"--button_bevel_color:var(--awb-color4);--button_bevel_color_hover:var(--awb-color4);--button_accent_color:var(--awb-color8);--button_border_color:var(--awb-color8);--button_accent_hover_color:var(--awb-color8);--button_border_hover_color:var(--awb-color1);--button_border_width-top:0;--button_border_width-right:0;--button_border_width-bottom:0;--button_border_width-left:0;--button_gradient_end:0%;--button_gradient_top_color:rgba(255,255,255,0);--button_gradient_bottom_color:rgba(0,0,0,0);--button_gradient_top_color_hover:rgba(0,0,0,0);--button_gradient_bottom_color_hover:rgba(0,0,0,0);\" target=\"_self\" data-hover=\"icon_slide\" href=\"#\"><span class=\"fusion-button-text awb-button__text awb-button__text--default\">Sehen Sie sich unsere L\u00f6sungen an<\/span><i class=\"fa-angle-right fas awb-button__icon awb-button__icon--default button-icon-right\" aria-hidden=\"true\"><\/i><\/a><\/div><\/div><\/div><div class=\"fusion-layout-column fusion_builder_column fusion-builder-column-2 fusion_builder_column_1_1 1_1 fusion-flex-column fusion-no-medium-visibility fusion-no-large-visibility fusion-animated\" style=\"--awb-padding-bottom-medium:0px;--awb-bg-size:cover;--awb-width-large:100%;--awb-margin-top-large:0px;--awb-spacing-right-large:1.92%;--awb-margin-bottom-large:12vw;--awb-spacing-left-large:1.92%;--awb-width-medium:100%;--awb-order-medium:0;--awb-spacing-right-medium:1.92%;--awb-spacing-left-medium:1.92%;--awb-width-small:100%;--awb-order-small:2;--awb-spacing-right-small:1.92%;--awb-margin-bottom-small:30px;--awb-spacing-left-small:1.92%;\" data-animationType=\"fadeInUp\" data-animationDuration=\"1.3\" data-animationOffset=\"top-into-view\"><div class=\"fusion-column-wrapper fusion-column-has-shadow fusion-flex-justify-content-flex-start fusion-content-layout-column\"><div ><a class=\"fusion-button button-flat fusion-button-default-size button-custom fusion-button-default button-3 fusion-button-span-yes \" style=\"--button_bevel_color:var(--awb-color4);--button_bevel_color_hover:var(--awb-color4);--button_accent_color:var(--awb-color1);--button_accent_hover_color:var(--awb-color1);--button_border_hover_color:var(--awb-color1);--button_border_width-top:0px;--button_border_width-right:0px;--button_border_width-bottom:0px;--button_border_width-left:0px;--button_gradient_top_color:var(--awb-color5);--button_gradient_bottom_color:var(--awb-color5);--button_gradient_top_color_hover:var(--awb-color7);--button_gradient_bottom_color_hover:var(--awb-color7);--button_text_transform:none;--button_font_size:20px;--button_line_height:26px;--button_padding-top:20px;--button_padding-right:55px;--button_padding-bottom:20px;--button_padding-left:55px;--button_typography-letter-spacing:0px;--button_margin-bottom:20px;\" target=\"_self\" href=\"https:\/\/avada.theme-fusion.com\/classic\/contact-us\/\"><span class=\"fusion-button-text awb-button__text awb-button__text--default\">Legen Sie noch heute los<\/span><\/a><\/div><div ><a class=\"fusion-button button-flat fusion-button-default-size button-custom fusion-button-default button-4 fusion-button-span-yes \" style=\"--button_bevel_color:var(--awb-color4);--button_bevel_color_hover:var(--awb-color4);--button_accent_color:var(--awb-color1);--button_border_color:var(--awb-color8);--button_accent_hover_color:var(--awb-color1);--button_border_hover_color:var(--awb-color1);--button_border_width-top:0;--button_border_width-right:0;--button_border_width-bottom:0;--button_border_width-left:0;--button_gradient_top_color:var(--awb-color8);--button_gradient_bottom_color:var(--awb-color8);--button_gradient_top_color_hover:hsla(var(--awb-color8-h),var(--awb-color8-s),var(--awb-color8-l),calc( var(--awb-color8-a) - 40% ));--button_gradient_bottom_color_hover:hsla(var(--awb-color8-h),var(--awb-color8-s),var(--awb-color8-l),calc( var(--awb-color8-a) - 40% ));--button_text_transform:none;--button_font_size:20px;--button_line_height:26px;--button_padding-top:20px;--button_padding-right:55px;--button_padding-bottom:20px;--button_padding-left:55px;--button_typography-letter-spacing:0px;\" target=\"_self\" href=\"https:\/\/avada.theme-fusion.com\/classic\/about\/\"><span class=\"fusion-button-text awb-button__text awb-button__text--default\">Mehr entdecken<\/span><\/a><\/div><\/div><\/div><\/div><\/div>\n","protected":false},"excerpt":{"rendered":"","protected":false},"author":1,"featured_media":1202,"parent":0,"menu_order":0,"comment_status":"closed","ping_status":"closed","template":"100-width.php","meta":{"footnotes":""},"class_list":["post-1201","page","type-page","status-publish","has-post-thumbnail","hentry"],"yoast_head":"<!-- This site is optimized with the Yoast SEO plugin v27.5 - https:\/\/yoast.com\/product\/yoast-seo-wordpress\/ -->\n<title>Webshop-Plugins - Processing Partners<\/title>\n<meta name=\"robots\" content=\"index, follow, max-snippet:-1, max-image-preview:large, max-video-preview:-1\" \/>\n<link rel=\"canonical\" href=\"https:\/\/enterprise.processingpartners.com\/de\/webshop-plugins\/\" \/>\n<meta property=\"og:locale\" content=\"de_DE\" \/>\n<meta property=\"og:type\" content=\"article\" \/>\n<meta property=\"og:title\" content=\"Webshop-Plugins - Processing Partners\" \/>\n<meta property=\"og:url\" content=\"https:\/\/enterprise.processingpartners.com\/de\/webshop-plugins\/\" \/>\n<meta property=\"og:site_name\" content=\"Processing Partners\" \/>\n<meta property=\"article:modified_time\" content=\"2026-01-15T08:01:27+00:00\" \/>\n<meta property=\"og:image\" content=\"https:\/\/enterprise.processingpartners.com\/wp-content\/uploads\/2025\/09\/header_01-hell.jpg\" \/>\n\t<meta property=\"og:image:width\" content=\"2000\" \/>\n\t<meta property=\"og:image:height\" content=\"1084\" \/>\n\t<meta property=\"og:image:type\" content=\"image\/jpeg\" \/>\n<meta name=\"twitter:card\" content=\"summary_large_image\" \/>\n<meta name=\"twitter:label1\" content=\"Gesch\u00e4tzte Lesezeit\" \/>\n\t<meta name=\"twitter:data1\" content=\"10\u00a0Minuten\" \/>\n<script type=\"application\/ld+json\" class=\"yoast-schema-graph\">{\"@context\":\"https:\\\/\\\/schema.org\",\"@graph\":[{\"@type\":\"WebPage\",\"@id\":\"https:\\\/\\\/enterprise.processingpartners.com\\\/de\\\/webshop-plugins\\\/\",\"url\":\"https:\\\/\\\/enterprise.processingpartners.com\\\/de\\\/webshop-plugins\\\/\",\"name\":\"Webshop-Plugins - Processing Partners\",\"isPartOf\":{\"@id\":\"https:\\\/\\\/enterprise.processingpartners.com\\\/de\\\/#website\"},\"primaryImageOfPage\":{\"@id\":\"https:\\\/\\\/enterprise.processingpartners.com\\\/de\\\/webshop-plugins\\\/#primaryimage\"},\"image\":{\"@id\":\"https:\\\/\\\/enterprise.processingpartners.com\\\/de\\\/webshop-plugins\\\/#primaryimage\"},\"thumbnailUrl\":\"https:\\\/\\\/enterprise.processingpartners.com\\\/wp-content\\\/uploads\\\/2025\\\/09\\\/header_01-hell.jpg\",\"datePublished\":\"2025-09-16T09:51:24+00:00\",\"dateModified\":\"2026-01-15T08:01:27+00:00\",\"breadcrumb\":{\"@id\":\"https:\\\/\\\/enterprise.processingpartners.com\\\/de\\\/webshop-plugins\\\/#breadcrumb\"},\"inLanguage\":\"de\",\"potentialAction\":[{\"@type\":\"ReadAction\",\"target\":[\"https:\\\/\\\/enterprise.processingpartners.com\\\/de\\\/webshop-plugins\\\/\"]}]},{\"@type\":\"ImageObject\",\"inLanguage\":\"de\",\"@id\":\"https:\\\/\\\/enterprise.processingpartners.com\\\/de\\\/webshop-plugins\\\/#primaryimage\",\"url\":\"https:\\\/\\\/enterprise.processingpartners.com\\\/wp-content\\\/uploads\\\/2025\\\/09\\\/header_01-hell.jpg\",\"contentUrl\":\"https:\\\/\\\/enterprise.processingpartners.com\\\/wp-content\\\/uploads\\\/2025\\\/09\\\/header_01-hell.jpg\",\"width\":2000,\"height\":1084},{\"@type\":\"BreadcrumbList\",\"@id\":\"https:\\\/\\\/enterprise.processingpartners.com\\\/de\\\/webshop-plugins\\\/#breadcrumb\",\"itemListElement\":[{\"@type\":\"ListItem\",\"position\":1,\"name\":\"Start\",\"item\":\"https:\\\/\\\/enterprise.processingpartners.com\\\/de\\\/startseite\\\/\"},{\"@type\":\"ListItem\",\"position\":2,\"name\":\"Webshop-Plugins\"}]},{\"@type\":\"WebSite\",\"@id\":\"https:\\\/\\\/enterprise.processingpartners.com\\\/de\\\/#website\",\"url\":\"https:\\\/\\\/enterprise.processingpartners.com\\\/de\\\/\",\"name\":\"Processing Partners\",\"description\":\"\",\"publisher\":{\"@id\":\"https:\\\/\\\/enterprise.processingpartners.com\\\/de\\\/#organization\"},\"potentialAction\":[{\"@type\":\"SearchAction\",\"target\":{\"@type\":\"EntryPoint\",\"urlTemplate\":\"https:\\\/\\\/enterprise.processingpartners.com\\\/de\\\/?s={search_term_string}\"},\"query-input\":{\"@type\":\"PropertyValueSpecification\",\"valueRequired\":true,\"valueName\":\"search_term_string\"}}],\"inLanguage\":\"de\"},{\"@type\":\"Organization\",\"@id\":\"https:\\\/\\\/enterprise.processingpartners.com\\\/de\\\/#organization\",\"name\":\"Processing Partners\",\"url\":\"https:\\\/\\\/enterprise.processingpartners.com\\\/de\\\/\",\"logo\":{\"@type\":\"ImageObject\",\"inLanguage\":\"de\",\"@id\":\"https:\\\/\\\/enterprise.processingpartners.com\\\/de\\\/#\\\/schema\\\/logo\\\/image\\\/\",\"url\":\"https:\\\/\\\/enterprise.processingpartners.com\\\/wp-content\\\/uploads\\\/2025\\\/08\\\/PP-Logo.svg\",\"contentUrl\":\"https:\\\/\\\/enterprise.processingpartners.com\\\/wp-content\\\/uploads\\\/2025\\\/08\\\/PP-Logo.svg\",\"width\":460,\"height\":90,\"caption\":\"Processing Partners\"},\"image\":{\"@id\":\"https:\\\/\\\/enterprise.processingpartners.com\\\/de\\\/#\\\/schema\\\/logo\\\/image\\\/\"}}]}<\/script>\n<!-- \/ Yoast SEO plugin. -->","yoast_head_json":{"title":"Webshop-Plugins - Processing Partners","robots":{"index":"index","follow":"follow","max-snippet":"max-snippet:-1","max-image-preview":"max-image-preview:large","max-video-preview":"max-video-preview:-1"},"canonical":"https:\/\/enterprise.processingpartners.com\/de\/webshop-plugins\/","og_locale":"de_DE","og_type":"article","og_title":"Webshop-Plugins - Processing Partners","og_url":"https:\/\/enterprise.processingpartners.com\/de\/webshop-plugins\/","og_site_name":"Processing Partners","article_modified_time":"2026-01-15T08:01:27+00:00","og_image":[{"width":2000,"height":1084,"url":"https:\/\/enterprise.processingpartners.com\/wp-content\/uploads\/2025\/09\/header_01-hell.jpg","type":"image\/jpeg"}],"twitter_card":"summary_large_image","twitter_misc":{"Gesch\u00e4tzte Lesezeit":"10\u00a0Minuten"},"schema":{"@context":"https:\/\/schema.org","@graph":[{"@type":"WebPage","@id":"https:\/\/enterprise.processingpartners.com\/de\/webshop-plugins\/","url":"https:\/\/enterprise.processingpartners.com\/de\/webshop-plugins\/","name":"Webshop-Plugins - Processing Partners","isPartOf":{"@id":"https:\/\/enterprise.processingpartners.com\/de\/#website"},"primaryImageOfPage":{"@id":"https:\/\/enterprise.processingpartners.com\/de\/webshop-plugins\/#primaryimage"},"image":{"@id":"https:\/\/enterprise.processingpartners.com\/de\/webshop-plugins\/#primaryimage"},"thumbnailUrl":"https:\/\/enterprise.processingpartners.com\/wp-content\/uploads\/2025\/09\/header_01-hell.jpg","datePublished":"2025-09-16T09:51:24+00:00","dateModified":"2026-01-15T08:01:27+00:00","breadcrumb":{"@id":"https:\/\/enterprise.processingpartners.com\/de\/webshop-plugins\/#breadcrumb"},"inLanguage":"de","potentialAction":[{"@type":"ReadAction","target":["https:\/\/enterprise.processingpartners.com\/de\/webshop-plugins\/"]}]},{"@type":"ImageObject","inLanguage":"de","@id":"https:\/\/enterprise.processingpartners.com\/de\/webshop-plugins\/#primaryimage","url":"https:\/\/enterprise.processingpartners.com\/wp-content\/uploads\/2025\/09\/header_01-hell.jpg","contentUrl":"https:\/\/enterprise.processingpartners.com\/wp-content\/uploads\/2025\/09\/header_01-hell.jpg","width":2000,"height":1084},{"@type":"BreadcrumbList","@id":"https:\/\/enterprise.processingpartners.com\/de\/webshop-plugins\/#breadcrumb","itemListElement":[{"@type":"ListItem","position":1,"name":"Start","item":"https:\/\/enterprise.processingpartners.com\/de\/startseite\/"},{"@type":"ListItem","position":2,"name":"Webshop-Plugins"}]},{"@type":"WebSite","@id":"https:\/\/enterprise.processingpartners.com\/de\/#website","url":"https:\/\/enterprise.processingpartners.com\/de\/","name":"Processing Partners","description":"","publisher":{"@id":"https:\/\/enterprise.processingpartners.com\/de\/#organization"},"potentialAction":[{"@type":"SearchAction","target":{"@type":"EntryPoint","urlTemplate":"https:\/\/enterprise.processingpartners.com\/de\/?s={search_term_string}"},"query-input":{"@type":"PropertyValueSpecification","valueRequired":true,"valueName":"search_term_string"}}],"inLanguage":"de"},{"@type":"Organization","@id":"https:\/\/enterprise.processingpartners.com\/de\/#organization","name":"Processing Partners","url":"https:\/\/enterprise.processingpartners.com\/de\/","logo":{"@type":"ImageObject","inLanguage":"de","@id":"https:\/\/enterprise.processingpartners.com\/de\/#\/schema\/logo\/image\/","url":"https:\/\/enterprise.processingpartners.com\/wp-content\/uploads\/2025\/08\/PP-Logo.svg","contentUrl":"https:\/\/enterprise.processingpartners.com\/wp-content\/uploads\/2025\/08\/PP-Logo.svg","width":460,"height":90,"caption":"Processing Partners"},"image":{"@id":"https:\/\/enterprise.processingpartners.com\/de\/#\/schema\/logo\/image\/"}}]}},"_links":{"self":[{"href":"https:\/\/enterprise.processingpartners.com\/de\/wp-json\/wp\/v2\/pages\/1201","targetHints":{"allow":["GET"]}}],"collection":[{"href":"https:\/\/enterprise.processingpartners.com\/de\/wp-json\/wp\/v2\/pages"}],"about":[{"href":"https:\/\/enterprise.processingpartners.com\/de\/wp-json\/wp\/v2\/types\/page"}],"author":[{"embeddable":true,"href":"https:\/\/enterprise.processingpartners.com\/de\/wp-json\/wp\/v2\/users\/1"}],"replies":[{"embeddable":true,"href":"https:\/\/enterprise.processingpartners.com\/de\/wp-json\/wp\/v2\/comments?post=1201"}],"version-history":[{"count":2,"href":"https:\/\/enterprise.processingpartners.com\/de\/wp-json\/wp\/v2\/pages\/1201\/revisions"}],"predecessor-version":[{"id":1204,"href":"https:\/\/enterprise.processingpartners.com\/de\/wp-json\/wp\/v2\/pages\/1201\/revisions\/1204"}],"wp:featuredmedia":[{"embeddable":true,"href":"https:\/\/enterprise.processingpartners.com\/de\/wp-json\/wp\/v2\/media\/1202"}],"wp:attachment":[{"href":"https:\/\/enterprise.processingpartners.com\/de\/wp-json\/wp\/v2\/media?parent=1201"}],"curies":[{"name":"wp","href":"https:\/\/api.w.org\/{rel}","templated":true}]}}