{"id":1229,"date":"2025-08-21T13:53:33","date_gmt":"2025-08-21T13:53:33","guid":{"rendered":"https:\/\/enterprise.processingpartners.com\/datenschutzrichtlinie\/"},"modified":"2026-01-15T08:35:06","modified_gmt":"2026-01-15T08:35:06","slug":"datenschutzrichtlinie","status":"publish","type":"page","link":"https:\/\/enterprise.processingpartners.com\/de\/datenschutzrichtlinie\/","title":{"rendered":"Datenschutzrichtlinie"},"content":{"rendered":"<div class=\"fusion-fullwidth fullwidth-box fusion-builder-row-1 fusion-flex-container has-pattern-background has-mask-background nonhundred-percent-fullwidth non-hundred-percent-height-scrolling\" style=\"--awb-border-radius-top-left:0px;--awb-border-radius-top-right:0px;--awb-border-radius-bottom-right:0px;--awb-border-radius-bottom-left:0px;--awb-margin-top:150px;--awb-flex-wrap:wrap;\" ><div class=\"fusion-builder-row fusion-row fusion-flex-align-items-flex-start fusion-flex-content-wrap\" style=\"max-width:1248px;margin-left: calc(-4% \/ 2 );margin-right: calc(-4% \/ 2 );\"><div class=\"fusion-layout-column fusion_builder_column fusion-builder-column-0 fusion_builder_column_1_1 1_1 fusion-flex-column\" style=\"--awb-bg-size:cover;--awb-width-large:100%;--awb-margin-top-large:0px;--awb-spacing-right-large:1.92%;--awb-margin-bottom-large:20px;--awb-spacing-left-large:1.92%;--awb-width-medium:100%;--awb-order-medium:0;--awb-spacing-right-medium:1.92%;--awb-spacing-left-medium:1.92%;--awb-width-small:100%;--awb-order-small:0;--awb-spacing-right-small:1.92%;--awb-spacing-left-small:1.92%;\"><div class=\"fusion-column-wrapper fusion-column-has-shadow fusion-flex-justify-content-flex-start fusion-content-layout-column\"><div class=\"fusion-text fusion-text-1\"><h1>Datenschutzerkl\u00e4rung<\/h1>\n<p>Diese Datenschutzerkl\u00e4rung legt die Datenschutzpraktiken f\u00fcr (https:\/\/www.processingpartners.com) offen. Diese Datenschutzerkl\u00e4rung gilt ausschlie\u00dflich f\u00fcr Informationen, die von dieser Website erfasst werden. Sie informiert Sie \u00fcber Folgendes:<\/p>\n<ol>\n<li>Welche personenbezogenen Daten \u00fcber die Website von Ihnen erfasst werden, wie sie verwendet werden und an wen sie weitergegeben werden d\u00fcrfen.<\/li>\n<li>Welche Wahlm\u00f6glichkeiten Ihnen hinsichtlich der Verwendung Ihrer Daten zur Verf\u00fcgung stehen.<\/li>\n<li>Die Sicherheitsvorkehrungen zum Schutz vor dem Missbrauch Ihrer Daten.<\/li>\n<li>Wie Sie etwaige Ungenauigkeiten in den Informationen korrigieren k\u00f6nnen.<\/li>\n<\/ol>\n<h4>Erhebung, Verwendung und Weitergabe von Informationen<\/h4>\n<p>Wir sind die alleinigen Eigent\u00fcmer der auf dieser Website gesammelten Informationen. Wir haben nur Zugriff auf\/erfassen Informationen, die Sie uns freiwillig per E-Mail oder \u00fcber einen anderen direkten Kontakt zukommen lassen. Wir werden diese Informationen an niemanden verkaufen oder vermieten.<\/p>\n<p>Wir verwenden Ihre Informationen, um Ihnen in Bezug auf den Grund Ihrer Kontaktaufnahme zu antworten. Wir werden Ihre Informationen nicht an Dritte au\u00dferhalb unserer Organisation weitergeben, es sei denn, dies ist erforderlich, um Ihre Anfrage zu erf\u00fcllen, z. B. um eine Bestellung zu versenden.<\/p>\n<p>Sofern Sie uns nicht darum bitten, werden wir Sie m\u00f6glicherweise in Zukunft per E-Mail kontaktieren, um Sie \u00fcber Sonderangebote, neue Produkte oder Dienstleistungen oder \u00c4nderungen dieser Datenschutzrichtlinie zu informieren.<\/p>\n<h4>Ihr Zugriff auf und Ihre Kontrolle \u00fcber Informationen<\/h4>\n<p>Sie k\u00f6nnen sich jederzeit von zuk\u00fcnftigen Kontaktaufnahmen mit uns abmelden. Sie k\u00f6nnen jederzeit Folgendes tun, indem Sie uns \u00fcber die auf unserer Website angegebene E-Mail-Adresse oder Telefonnummer kontaktieren:<\/p>\n<ul>\n<li>Sehen Sie, welche Daten wir gegebenenfalls \u00fcber Sie gespeichert haben.<\/li>\n<li>\u00c4ndern\/korrigieren Sie alle Daten, die wir \u00fcber Sie gespeichert haben.<\/li>\n<li>Veranlassen Sie, dass wir alle Daten l\u00f6schen, die wir \u00fcber Sie gespeichert haben.<\/li>\n<li>\u00c4u\u00dfern Sie alle Bedenken, die Sie bez\u00fcglich unserer Verwendung Ihrer Daten haben.<\/li>\n<\/ul>\n<h4>Sicherheit<\/h4>\n<p>Wir treffen Vorkehrungen, um Ihre Daten zu sch\u00fctzen. Wenn Sie sensible Daten \u00fcber die Website \u00fcbermitteln, werden Ihre Daten sowohl online als auch offline gesch\u00fctzt.<\/p>\n<p>Wo immer wir sensible Daten (wie z. B. Kreditkartendaten) erfassen, werden diese Daten verschl\u00fcsselt und auf sichere Weise an uns \u00fcbertragen. Sie k\u00f6nnen dies \u00fcberpr\u00fcfen, indem Sie in der Adressleiste nach einem Schlosssymbol und am Anfang der Adresse der Webseite nach \u201ehttps\u201c suchen.<\/p>\n<p>W\u00e4hrend wir Verschl\u00fcsselung verwenden, um sensible Daten, die online \u00fcbertragen werden, zu sch\u00fctzen, sch\u00fctzen wir Ihre Daten auch offline. Nur Mitarbeiter, die die Informationen zur Erf\u00fcllung einer bestimmten Aufgabe ben\u00f6tigen (z. B. Abrechnung oder Kundendienst), erhalten Zugriff auf personenbezogene Daten. Die Computer\/Server, auf denen wir personenbezogene Daten speichern, werden in einer sicheren Umgebung aufbewahrt.<\/p>\n<h4>Cookies<\/h4>\n<p>Wir verwenden auf dieser Website \u201eCookies\u201c. Ein Cookie ist eine Datendatei, die auf der Festplatte eines Website-Besuchers gespeichert wird, um uns zu helfen, Ihren Zugriff auf unsere Website zu verbessern und wiederholte Besucher unserer Website zu identifizieren. Wenn wir beispielsweise ein Cookie verwenden, um Sie zu identifizieren, m\u00fcssten Sie ein Passwort nicht mehr als einmal eingeben, wodurch Sie Zeit sparen, w\u00e4hrend Sie sich auf unserer Website befinden. Cookies k\u00f6nnen es uns auch erm\u00f6glichen, die Interessen unserer Nutzer zu verfolgen und gezielt anzusprechen, um das Erlebnis auf unserer Website zu verbessern. Die Verwendung eines Cookies ist in keiner Weise mit personenbezogenen Daten auf unserer Website verkn\u00fcpft.<\/p>\n<p>Einige unserer Gesch\u00e4ftspartner verwenden m\u00f6glicherweise Cookies auf unserer Website (z. B. Werbetreibende). Wir haben jedoch keinen Zugriff auf oder Kontrolle \u00fcber diese Cookies.<\/p>\n<h4>Links<\/h4>\n<p>Diese Website enth\u00e4lt Links zu anderen Websites. Bitte beachten Sie, dass wir nicht f\u00fcr den Inhalt oder die Datenschutzpraktiken dieser anderen Websites verantwortlich sind. Wir ermutigen unsere Nutzer, sich dessen bewusst zu sein, wenn sie unsere Website verlassen, und die Datenschutzerkl\u00e4rungen jeder anderen Website zu lesen, die personenbezogene Daten erfasst.<\/p>\n<h4>Umfragen &amp; Wettbewerbe<\/h4>\n<p>Von Zeit zu Zeit fordert unsere Website Informationen \u00fcber Umfragen oder Wettbewerbe an. Die Teilnahme an diesen Umfragen oder Wettbewerben ist v\u00f6llig freiwillig, und Sie k\u00f6nnen w\u00e4hlen, ob Sie teilnehmen und diese Informationen daher offenlegen m\u00f6chten oder nicht. Zu den angeforderten Informationen k\u00f6nnen Kontaktinformationen (wie Name und Versandadresse) und demografische Informationen (wie Postleitzahl, Altersstufe) geh\u00f6ren. Kontaktinformationen werden verwendet, um die Gewinner zu benachrichtigen und Preise zu verleihen. Umfrageinformationen werden verwendet, um die Nutzung und Zufriedenheit dieser Website zu \u00fcberwachen oder zu verbessern.<\/p>\n<p><strong>Wenn Sie der Meinung sind, dass wir diese Datenschutzrichtlinie nicht einhalten, sollten Sie uns umgehend telefonisch unter +1 954 338-8539 oder per E-Mail unter <a href=\"mailto:info@processingpartners.com\">info@processingpartners.com<\/a> kontaktieren.<\/strong><\/p>\n<\/div><\/div><\/div><\/div><\/div>\n","protected":false},"excerpt":{"rendered":"","protected":false},"author":1,"featured_media":0,"parent":0,"menu_order":0,"comment_status":"closed","ping_status":"open","template":"100-width.php","meta":{"footnotes":""},"class_list":["post-1229","page","type-page","status-publish","hentry"],"yoast_head":"<!-- This site is optimized with the Yoast SEO plugin v26.8 - https:\/\/yoast.com\/product\/yoast-seo-wordpress\/ -->\n<title>Datenschutzrichtlinie - Processing Partners<\/title>\n<meta name=\"robots\" content=\"index, follow, max-snippet:-1, max-image-preview:large, max-video-preview:-1\" \/>\n<link rel=\"canonical\" href=\"https:\/\/enterprise.processingpartners.com\/de\/datenschutzrichtlinie\/\" \/>\n<meta property=\"og:locale\" content=\"de_DE\" \/>\n<meta property=\"og:type\" content=\"article\" \/>\n<meta property=\"og:title\" content=\"Datenschutzrichtlinie - Processing Partners\" \/>\n<meta property=\"og:url\" content=\"https:\/\/enterprise.processingpartners.com\/de\/datenschutzrichtlinie\/\" \/>\n<meta property=\"og:site_name\" content=\"Processing Partners\" \/>\n<meta property=\"article:modified_time\" content=\"2026-01-15T08:35:06+00:00\" \/>\n<meta name=\"twitter:card\" content=\"summary_large_image\" \/>\n<meta name=\"twitter:label1\" content=\"Gesch\u00e4tzte Lesezeit\" \/>\n\t<meta name=\"twitter:data1\" content=\"6\u00a0Minuten\" \/>\n<script type=\"application\/ld+json\" class=\"yoast-schema-graph\">{\"@context\":\"https:\/\/schema.org\",\"@graph\":[{\"@type\":\"WebPage\",\"@id\":\"https:\/\/enterprise.processingpartners.com\/de\/datenschutzrichtlinie\/\",\"url\":\"https:\/\/enterprise.processingpartners.com\/de\/datenschutzrichtlinie\/\",\"name\":\"Datenschutzrichtlinie - Processing Partners\",\"isPartOf\":{\"@id\":\"https:\/\/enterprise.processingpartners.com\/de\/#website\"},\"datePublished\":\"2025-08-21T13:53:33+00:00\",\"dateModified\":\"2026-01-15T08:35:06+00:00\",\"breadcrumb\":{\"@id\":\"https:\/\/enterprise.processingpartners.com\/de\/datenschutzrichtlinie\/#breadcrumb\"},\"inLanguage\":\"de\",\"potentialAction\":[{\"@type\":\"ReadAction\",\"target\":[\"https:\/\/enterprise.processingpartners.com\/de\/datenschutzrichtlinie\/\"]}]},{\"@type\":\"BreadcrumbList\",\"@id\":\"https:\/\/enterprise.processingpartners.com\/de\/datenschutzrichtlinie\/#breadcrumb\",\"itemListElement\":[{\"@type\":\"ListItem\",\"position\":1,\"name\":\"Start\",\"item\":\"https:\/\/enterprise.processingpartners.com\/de\/startseite\/\"},{\"@type\":\"ListItem\",\"position\":2,\"name\":\"Datenschutzrichtlinie\"}]},{\"@type\":\"WebSite\",\"@id\":\"https:\/\/enterprise.processingpartners.com\/de\/#website\",\"url\":\"https:\/\/enterprise.processingpartners.com\/de\/\",\"name\":\"Processing Partners\",\"description\":\"\",\"publisher\":{\"@id\":\"https:\/\/enterprise.processingpartners.com\/de\/#organization\"},\"potentialAction\":[{\"@type\":\"SearchAction\",\"target\":{\"@type\":\"EntryPoint\",\"urlTemplate\":\"https:\/\/enterprise.processingpartners.com\/de\/?s={search_term_string}\"},\"query-input\":{\"@type\":\"PropertyValueSpecification\",\"valueRequired\":true,\"valueName\":\"search_term_string\"}}],\"inLanguage\":\"de\"},{\"@type\":\"Organization\",\"@id\":\"https:\/\/enterprise.processingpartners.com\/de\/#organization\",\"name\":\"Processing Partners\",\"url\":\"https:\/\/enterprise.processingpartners.com\/de\/\",\"logo\":{\"@type\":\"ImageObject\",\"inLanguage\":\"de\",\"@id\":\"https:\/\/enterprise.processingpartners.com\/de\/#\/schema\/logo\/image\/\",\"url\":\"https:\/\/enterprise.processingpartners.com\/wp-content\/uploads\/2025\/08\/PP-Logo.svg\",\"contentUrl\":\"https:\/\/enterprise.processingpartners.com\/wp-content\/uploads\/2025\/08\/PP-Logo.svg\",\"width\":460,\"height\":90,\"caption\":\"Processing Partners\"},\"image\":{\"@id\":\"https:\/\/enterprise.processingpartners.com\/de\/#\/schema\/logo\/image\/\"}}]}<\/script>\n<!-- \/ Yoast SEO plugin. -->","yoast_head_json":{"title":"Datenschutzrichtlinie - Processing Partners","robots":{"index":"index","follow":"follow","max-snippet":"max-snippet:-1","max-image-preview":"max-image-preview:large","max-video-preview":"max-video-preview:-1"},"canonical":"https:\/\/enterprise.processingpartners.com\/de\/datenschutzrichtlinie\/","og_locale":"de_DE","og_type":"article","og_title":"Datenschutzrichtlinie - Processing Partners","og_url":"https:\/\/enterprise.processingpartners.com\/de\/datenschutzrichtlinie\/","og_site_name":"Processing Partners","article_modified_time":"2026-01-15T08:35:06+00:00","twitter_card":"summary_large_image","twitter_misc":{"Gesch\u00e4tzte Lesezeit":"6\u00a0Minuten"},"schema":{"@context":"https:\/\/schema.org","@graph":[{"@type":"WebPage","@id":"https:\/\/enterprise.processingpartners.com\/de\/datenschutzrichtlinie\/","url":"https:\/\/enterprise.processingpartners.com\/de\/datenschutzrichtlinie\/","name":"Datenschutzrichtlinie - Processing Partners","isPartOf":{"@id":"https:\/\/enterprise.processingpartners.com\/de\/#website"},"datePublished":"2025-08-21T13:53:33+00:00","dateModified":"2026-01-15T08:35:06+00:00","breadcrumb":{"@id":"https:\/\/enterprise.processingpartners.com\/de\/datenschutzrichtlinie\/#breadcrumb"},"inLanguage":"de","potentialAction":[{"@type":"ReadAction","target":["https:\/\/enterprise.processingpartners.com\/de\/datenschutzrichtlinie\/"]}]},{"@type":"BreadcrumbList","@id":"https:\/\/enterprise.processingpartners.com\/de\/datenschutzrichtlinie\/#breadcrumb","itemListElement":[{"@type":"ListItem","position":1,"name":"Start","item":"https:\/\/enterprise.processingpartners.com\/de\/startseite\/"},{"@type":"ListItem","position":2,"name":"Datenschutzrichtlinie"}]},{"@type":"WebSite","@id":"https:\/\/enterprise.processingpartners.com\/de\/#website","url":"https:\/\/enterprise.processingpartners.com\/de\/","name":"Processing Partners","description":"","publisher":{"@id":"https:\/\/enterprise.processingpartners.com\/de\/#organization"},"potentialAction":[{"@type":"SearchAction","target":{"@type":"EntryPoint","urlTemplate":"https:\/\/enterprise.processingpartners.com\/de\/?s={search_term_string}"},"query-input":{"@type":"PropertyValueSpecification","valueRequired":true,"valueName":"search_term_string"}}],"inLanguage":"de"},{"@type":"Organization","@id":"https:\/\/enterprise.processingpartners.com\/de\/#organization","name":"Processing Partners","url":"https:\/\/enterprise.processingpartners.com\/de\/","logo":{"@type":"ImageObject","inLanguage":"de","@id":"https:\/\/enterprise.processingpartners.com\/de\/#\/schema\/logo\/image\/","url":"https:\/\/enterprise.processingpartners.com\/wp-content\/uploads\/2025\/08\/PP-Logo.svg","contentUrl":"https:\/\/enterprise.processingpartners.com\/wp-content\/uploads\/2025\/08\/PP-Logo.svg","width":460,"height":90,"caption":"Processing Partners"},"image":{"@id":"https:\/\/enterprise.processingpartners.com\/de\/#\/schema\/logo\/image\/"}}]}},"_links":{"self":[{"href":"https:\/\/enterprise.processingpartners.com\/de\/wp-json\/wp\/v2\/pages\/1229","targetHints":{"allow":["GET"]}}],"collection":[{"href":"https:\/\/enterprise.processingpartners.com\/de\/wp-json\/wp\/v2\/pages"}],"about":[{"href":"https:\/\/enterprise.processingpartners.com\/de\/wp-json\/wp\/v2\/types\/page"}],"author":[{"embeddable":true,"href":"https:\/\/enterprise.processingpartners.com\/de\/wp-json\/wp\/v2\/users\/1"}],"replies":[{"embeddable":true,"href":"https:\/\/enterprise.processingpartners.com\/de\/wp-json\/wp\/v2\/comments?post=1229"}],"version-history":[{"count":2,"href":"https:\/\/enterprise.processingpartners.com\/de\/wp-json\/wp\/v2\/pages\/1229\/revisions"}],"predecessor-version":[{"id":1233,"href":"https:\/\/enterprise.processingpartners.com\/de\/wp-json\/wp\/v2\/pages\/1229\/revisions\/1233"}],"wp:attachment":[{"href":"https:\/\/enterprise.processingpartners.com\/de\/wp-json\/wp\/v2\/media?parent=1229"}],"curies":[{"name":"wp","href":"https:\/\/api.w.org\/{rel}","templated":true}]}}