{"id":1226,"date":"2025-08-21T13:53:33","date_gmt":"2025-08-21T13:53:33","guid":{"rendered":"https:\/\/enterprise.processingpartners.com\/politica-de-privacidad\/"},"modified":"2026-01-15T08:35:06","modified_gmt":"2026-01-15T08:35:06","slug":"politica-de-privacidad","status":"publish","type":"page","link":"https:\/\/enterprise.processingpartners.com\/es\/politica-de-privacidad\/","title":{"rendered":"Pol\u00edtica de privacidad"},"content":{"rendered":"<div class=\"fusion-fullwidth fullwidth-box fusion-builder-row-1 fusion-flex-container has-pattern-background has-mask-background nonhundred-percent-fullwidth non-hundred-percent-height-scrolling\" style=\"--awb-border-radius-top-left:0px;--awb-border-radius-top-right:0px;--awb-border-radius-bottom-right:0px;--awb-border-radius-bottom-left:0px;--awb-margin-top:150px;--awb-flex-wrap:wrap;\" ><div class=\"fusion-builder-row fusion-row fusion-flex-align-items-flex-start fusion-flex-content-wrap\" style=\"max-width:1248px;margin-left: calc(-4% \/ 2 );margin-right: calc(-4% \/ 2 );\"><div class=\"fusion-layout-column fusion_builder_column fusion-builder-column-0 fusion_builder_column_1_1 1_1 fusion-flex-column\" style=\"--awb-bg-size:cover;--awb-width-large:100%;--awb-margin-top-large:0px;--awb-spacing-right-large:1.92%;--awb-margin-bottom-large:20px;--awb-spacing-left-large:1.92%;--awb-width-medium:100%;--awb-order-medium:0;--awb-spacing-right-medium:1.92%;--awb-spacing-left-medium:1.92%;--awb-width-small:100%;--awb-order-small:0;--awb-spacing-right-small:1.92%;--awb-spacing-left-small:1.92%;\"><div class=\"fusion-column-wrapper fusion-column-has-shadow fusion-flex-justify-content-flex-start fusion-content-layout-column\"><div class=\"fusion-text fusion-text-1\"><h1>Aviso de privacidad<\/h1>\n<p>Este aviso de privacidad revela las pr\u00e1cticas de privacidad para (https:\/\/www.processingpartners.com). Este aviso de privacidad se aplica \u00fanicamente a la informaci\u00f3n recopilada por este sitio web. Le notificar\u00e1 lo siguiente:<\/p>\n<ol>\n<li>Qu\u00e9 informaci\u00f3n de identificaci\u00f3n personal se recopila de usted a trav\u00e9s del sitio web, c\u00f3mo se utiliza y con qui\u00e9n se puede compartir.<\/li>\n<li>Qu\u00e9 opciones tiene disponibles con respecto al uso de sus datos.<\/li>\n<li>Los procedimientos de seguridad implementados para proteger el uso indebido de su informaci\u00f3n.<\/li>\n<li>C\u00f3mo puede corregir cualquier inexactitud en la informaci\u00f3n.<\/li>\n<\/ol>\n<h4>Recopilaci\u00f3n, uso e intercambio de informaci\u00f3n<\/h4>\n<p>Somos los \u00fanicos propietarios de la informaci\u00f3n recopilada en este sitio. Solo tenemos acceso a la informaci\u00f3n que usted nos proporciona voluntariamente por correo electr\u00f3nico u otro contacto directo, o la recopilamos. No venderemos ni alquilaremos esta informaci\u00f3n a nadie.<\/p>\n<p>Utilizaremos su informaci\u00f3n para responderle, en relaci\u00f3n con el motivo por el que se puso en contacto con nosotros. No compartiremos su informaci\u00f3n con ning\u00fan tercero fuera de nuestra organizaci\u00f3n, salvo que sea necesario para cumplir con su solicitud, por ejemplo, para enviar un pedido.<\/p>\n<p>A menos que nos pida que no lo hagamos, es posible que nos pongamos en contacto con usted por correo electr\u00f3nico en el futuro para informarle sobre ofertas especiales, nuevos productos o servicios, o cambios en esta pol\u00edtica de privacidad.<\/p>\n<h4>Su acceso y control sobre la informaci\u00f3n<\/h4>\n<p>Puede optar por no recibir m\u00e1s contactos nuestros en cualquier momento. Puede hacer lo siguiente en cualquier momento poni\u00e9ndose en contacto con nosotros a trav\u00e9s de la direcci\u00f3n de correo electr\u00f3nico o el n\u00famero de tel\u00e9fono que figuran en nuestro sitio web:<\/p>\n<ul>\n<li>Ver qu\u00e9 datos tenemos sobre usted, si los hay.<\/li>\n<li>Cambiar\/corregir cualquier dato que tengamos sobre usted.<\/li>\n<li>Hacer que eliminemos cualquier dato que tengamos sobre usted.<\/li>\n<li>Expresar cualquier inquietud que tenga sobre nuestro uso de sus datos.<\/li>\n<\/ul>\n<h4>Seguridad<\/h4>\n<p>Tomamos precauciones para proteger su informaci\u00f3n. Cuando env\u00eda informaci\u00f3n confidencial a trav\u00e9s del sitio web, su informaci\u00f3n est\u00e1 protegida tanto en l\u00ednea como fuera de l\u00ednea.<\/p>\n<p>Siempre que recopilamos informaci\u00f3n confidencial (como datos de tarjetas de cr\u00e9dito), esa informaci\u00f3n se cifra y se nos transmite de forma segura. Puede verificar esto buscando un icono de candado en la barra de direcciones y buscando \u00abhttps\u00bb al principio de la direcci\u00f3n de la p\u00e1gina web.<\/p>\n<p>Si bien utilizamos el cifrado para proteger la informaci\u00f3n confidencial transmitida en l\u00ednea, tambi\u00e9n protegemos su informaci\u00f3n fuera de l\u00ednea. Solo los empleados que necesitan la informaci\u00f3n para realizar un trabajo espec\u00edfico (por ejemplo, facturaci\u00f3n o servicio al cliente) tienen acceso a la informaci\u00f3n de identificaci\u00f3n personal. Los ordenadores\/servidores en los que almacenamos informaci\u00f3n de identificaci\u00f3n personal se mantienen en un entorno seguro.<\/p>\n<h4>Cookies<\/h4>\n<p>Utilizamos \u00abcookies\u00bb en este sitio. Una cookie es una pieza de datos almacenada en el disco duro de un visitante del sitio para ayudarnos a mejorar su acceso a nuestro sitio e identificar a los visitantes recurrentes de nuestro sitio. Por ejemplo, cuando utilizamos una cookie para identificarle, no tendr\u00eda que iniciar sesi\u00f3n con una contrase\u00f1a m\u00e1s de una vez, lo que le ahorrar\u00eda tiempo mientras est\u00e1 en nuestro sitio. Las cookies tambi\u00e9n pueden permitirnos rastrear y dirigir los intereses de nuestros usuarios para mejorar la experiencia en nuestro sitio. El uso de una cookie no est\u00e1 vinculado de ninguna manera a ninguna informaci\u00f3n de identificaci\u00f3n personal en nuestro sitio.<\/p>\n<p>Algunos de nuestros socios comerciales pueden utilizar cookies en nuestro sitio (por ejemplo, anunciantes). Sin embargo, no tenemos acceso ni control sobre estas cookies.<\/p>\n<h4>Enlaces<\/h4>\n<p>Este sitio web contiene enlaces a otros sitios. Tenga en cuenta que no somos responsables del contenido o las pr\u00e1cticas de privacidad de dichos sitios. Animamos a nuestros usuarios a que sean conscientes cuando abandonen nuestro sitio y a que lean las declaraciones de privacidad de cualquier otro sitio que recopile informaci\u00f3n de identificaci\u00f3n personal.<\/p>\n<h4>Encuestas y concursos<\/h4>\n<p>De vez en cuando, nuestro sitio solicita informaci\u00f3n a trav\u00e9s de encuestas o concursos. La participaci\u00f3n en estas encuestas o concursos es completamente voluntaria y puede elegir participar o no y, por lo tanto, revelar esta informaci\u00f3n. La informaci\u00f3n solicitada puede incluir informaci\u00f3n de contacto (como el nombre y la direcci\u00f3n de env\u00edo) e informaci\u00f3n demogr\u00e1fica (como el c\u00f3digo postal, el nivel de edad). La informaci\u00f3n de contacto se utilizar\u00e1 para notificar a los ganadores y entregar los premios. La informaci\u00f3n de la encuesta se utilizar\u00e1 con el fin de supervisar o mejorar el uso y la satisfacci\u00f3n de este sitio.<\/p>\n<p><strong>Si cree que no estamos cumpliendo con esta pol\u00edtica de privacidad, debe ponerse en contacto con nosotros inmediatamente por tel\u00e9fono al +1 954 338-8539 o por correo electr\u00f3nico a <a href=\"mailto:info@processingpartners.com\">info@processingpartners.com<\/a>.<\/strong><\/p>\n<\/div><\/div><\/div><\/div><\/div>\n","protected":false},"excerpt":{"rendered":"","protected":false},"author":1,"featured_media":0,"parent":0,"menu_order":0,"comment_status":"closed","ping_status":"open","template":"100-width.php","meta":{"footnotes":""},"class_list":["post-1226","page","type-page","status-publish","hentry"],"yoast_head":"<!-- This site is optimized with the Yoast SEO plugin v26.8 - https:\/\/yoast.com\/product\/yoast-seo-wordpress\/ -->\n<title>Pol\u00edtica de privacidad - Processing Partners<\/title>\n<meta name=\"robots\" content=\"index, follow, max-snippet:-1, max-image-preview:large, max-video-preview:-1\" \/>\n<link rel=\"canonical\" href=\"https:\/\/enterprise.processingpartners.com\/es\/politica-de-privacidad\/\" \/>\n<meta property=\"og:locale\" content=\"es_ES\" \/>\n<meta property=\"og:type\" content=\"article\" \/>\n<meta property=\"og:title\" content=\"Pol\u00edtica de privacidad - Processing Partners\" \/>\n<meta property=\"og:url\" content=\"https:\/\/enterprise.processingpartners.com\/es\/politica-de-privacidad\/\" \/>\n<meta property=\"og:site_name\" content=\"Processing Partners\" \/>\n<meta property=\"article:modified_time\" content=\"2026-01-15T08:35:06+00:00\" \/>\n<meta name=\"twitter:card\" content=\"summary_large_image\" \/>\n<meta name=\"twitter:label1\" content=\"Tiempo de lectura\" \/>\n\t<meta name=\"twitter:data1\" content=\"7 minutos\" \/>\n<script type=\"application\/ld+json\" class=\"yoast-schema-graph\">{\"@context\":\"https:\/\/schema.org\",\"@graph\":[{\"@type\":\"WebPage\",\"@id\":\"https:\/\/enterprise.processingpartners.com\/es\/politica-de-privacidad\/\",\"url\":\"https:\/\/enterprise.processingpartners.com\/es\/politica-de-privacidad\/\",\"name\":\"Pol\u00edtica de privacidad - Processing Partners\",\"isPartOf\":{\"@id\":\"https:\/\/enterprise.processingpartners.com\/es\/#website\"},\"datePublished\":\"2025-08-21T13:53:33+00:00\",\"dateModified\":\"2026-01-15T08:35:06+00:00\",\"breadcrumb\":{\"@id\":\"https:\/\/enterprise.processingpartners.com\/es\/politica-de-privacidad\/#breadcrumb\"},\"inLanguage\":\"es\",\"potentialAction\":[{\"@type\":\"ReadAction\",\"target\":[\"https:\/\/enterprise.processingpartners.com\/es\/politica-de-privacidad\/\"]}]},{\"@type\":\"BreadcrumbList\",\"@id\":\"https:\/\/enterprise.processingpartners.com\/es\/politica-de-privacidad\/#breadcrumb\",\"itemListElement\":[{\"@type\":\"ListItem\",\"position\":1,\"name\":\"Start\",\"item\":\"https:\/\/enterprise.processingpartners.com\/es\/inicio\/\"},{\"@type\":\"ListItem\",\"position\":2,\"name\":\"Pol\u00edtica de privacidad\"}]},{\"@type\":\"WebSite\",\"@id\":\"https:\/\/enterprise.processingpartners.com\/es\/#website\",\"url\":\"https:\/\/enterprise.processingpartners.com\/es\/\",\"name\":\"Processing Partners\",\"description\":\"\",\"publisher\":{\"@id\":\"https:\/\/enterprise.processingpartners.com\/es\/#organization\"},\"potentialAction\":[{\"@type\":\"SearchAction\",\"target\":{\"@type\":\"EntryPoint\",\"urlTemplate\":\"https:\/\/enterprise.processingpartners.com\/es\/?s={search_term_string}\"},\"query-input\":{\"@type\":\"PropertyValueSpecification\",\"valueRequired\":true,\"valueName\":\"search_term_string\"}}],\"inLanguage\":\"es\"},{\"@type\":\"Organization\",\"@id\":\"https:\/\/enterprise.processingpartners.com\/es\/#organization\",\"name\":\"Processing Partners\",\"url\":\"https:\/\/enterprise.processingpartners.com\/es\/\",\"logo\":{\"@type\":\"ImageObject\",\"inLanguage\":\"es\",\"@id\":\"https:\/\/enterprise.processingpartners.com\/es\/#\/schema\/logo\/image\/\",\"url\":\"https:\/\/enterprise.processingpartners.com\/wp-content\/uploads\/2025\/08\/PP-Logo.svg\",\"contentUrl\":\"https:\/\/enterprise.processingpartners.com\/wp-content\/uploads\/2025\/08\/PP-Logo.svg\",\"width\":460,\"height\":90,\"caption\":\"Processing Partners\"},\"image\":{\"@id\":\"https:\/\/enterprise.processingpartners.com\/es\/#\/schema\/logo\/image\/\"}}]}<\/script>\n<!-- \/ Yoast SEO plugin. -->","yoast_head_json":{"title":"Pol\u00edtica de privacidad - Processing Partners","robots":{"index":"index","follow":"follow","max-snippet":"max-snippet:-1","max-image-preview":"max-image-preview:large","max-video-preview":"max-video-preview:-1"},"canonical":"https:\/\/enterprise.processingpartners.com\/es\/politica-de-privacidad\/","og_locale":"es_ES","og_type":"article","og_title":"Pol\u00edtica de privacidad - Processing Partners","og_url":"https:\/\/enterprise.processingpartners.com\/es\/politica-de-privacidad\/","og_site_name":"Processing Partners","article_modified_time":"2026-01-15T08:35:06+00:00","twitter_card":"summary_large_image","twitter_misc":{"Tiempo de lectura":"7 minutos"},"schema":{"@context":"https:\/\/schema.org","@graph":[{"@type":"WebPage","@id":"https:\/\/enterprise.processingpartners.com\/es\/politica-de-privacidad\/","url":"https:\/\/enterprise.processingpartners.com\/es\/politica-de-privacidad\/","name":"Pol\u00edtica de privacidad - Processing Partners","isPartOf":{"@id":"https:\/\/enterprise.processingpartners.com\/es\/#website"},"datePublished":"2025-08-21T13:53:33+00:00","dateModified":"2026-01-15T08:35:06+00:00","breadcrumb":{"@id":"https:\/\/enterprise.processingpartners.com\/es\/politica-de-privacidad\/#breadcrumb"},"inLanguage":"es","potentialAction":[{"@type":"ReadAction","target":["https:\/\/enterprise.processingpartners.com\/es\/politica-de-privacidad\/"]}]},{"@type":"BreadcrumbList","@id":"https:\/\/enterprise.processingpartners.com\/es\/politica-de-privacidad\/#breadcrumb","itemListElement":[{"@type":"ListItem","position":1,"name":"Start","item":"https:\/\/enterprise.processingpartners.com\/es\/inicio\/"},{"@type":"ListItem","position":2,"name":"Pol\u00edtica de privacidad"}]},{"@type":"WebSite","@id":"https:\/\/enterprise.processingpartners.com\/es\/#website","url":"https:\/\/enterprise.processingpartners.com\/es\/","name":"Processing Partners","description":"","publisher":{"@id":"https:\/\/enterprise.processingpartners.com\/es\/#organization"},"potentialAction":[{"@type":"SearchAction","target":{"@type":"EntryPoint","urlTemplate":"https:\/\/enterprise.processingpartners.com\/es\/?s={search_term_string}"},"query-input":{"@type":"PropertyValueSpecification","valueRequired":true,"valueName":"search_term_string"}}],"inLanguage":"es"},{"@type":"Organization","@id":"https:\/\/enterprise.processingpartners.com\/es\/#organization","name":"Processing Partners","url":"https:\/\/enterprise.processingpartners.com\/es\/","logo":{"@type":"ImageObject","inLanguage":"es","@id":"https:\/\/enterprise.processingpartners.com\/es\/#\/schema\/logo\/image\/","url":"https:\/\/enterprise.processingpartners.com\/wp-content\/uploads\/2025\/08\/PP-Logo.svg","contentUrl":"https:\/\/enterprise.processingpartners.com\/wp-content\/uploads\/2025\/08\/PP-Logo.svg","width":460,"height":90,"caption":"Processing Partners"},"image":{"@id":"https:\/\/enterprise.processingpartners.com\/es\/#\/schema\/logo\/image\/"}}]}},"_links":{"self":[{"href":"https:\/\/enterprise.processingpartners.com\/es\/wp-json\/wp\/v2\/pages\/1226","targetHints":{"allow":["GET"]}}],"collection":[{"href":"https:\/\/enterprise.processingpartners.com\/es\/wp-json\/wp\/v2\/pages"}],"about":[{"href":"https:\/\/enterprise.processingpartners.com\/es\/wp-json\/wp\/v2\/types\/page"}],"author":[{"embeddable":true,"href":"https:\/\/enterprise.processingpartners.com\/es\/wp-json\/wp\/v2\/users\/1"}],"replies":[{"embeddable":true,"href":"https:\/\/enterprise.processingpartners.com\/es\/wp-json\/wp\/v2\/comments?post=1226"}],"version-history":[{"count":4,"href":"https:\/\/enterprise.processingpartners.com\/es\/wp-json\/wp\/v2\/pages\/1226\/revisions"}],"predecessor-version":[{"id":1232,"href":"https:\/\/enterprise.processingpartners.com\/es\/wp-json\/wp\/v2\/pages\/1226\/revisions\/1232"}],"wp:attachment":[{"href":"https:\/\/enterprise.processingpartners.com\/es\/wp-json\/wp\/v2\/media?parent=1226"}],"curies":[{"name":"wp","href":"https:\/\/api.w.org\/{rel}","templated":true}]}}